{"id":233,"date":"2022-10-25T11:34:51","date_gmt":"2022-10-25T11:34:51","guid":{"rendered":"https:\/\/startersites.io\/blocksy\/restaurant\/?page_id=7"},"modified":"2026-05-11T02:19:17","modified_gmt":"2026-05-11T06:19:17","slug":"home","status":"publish","type":"page","link":"https:\/\/www.tapekua.com\/","title":{"rendered":"Home"},"content":{"rendered":"\n<div class=\"wp-block-stackable-columns stk-block-columns stk-block stk-51ee53a\" data-block-id=\"51ee53a\"><style>.stk-51ee53a {margin-top:-100px !important;margin-bottom:0px !important;}<\/style><div class=\"stk-row stk-inner-blocks stk-block-content stk-content-align stk-51ee53a-column\">\n<div class=\"wp-block-stackable-column stk-block-column stk-column stk-block stk-ffdfa46 stk-block-background\" data-v=\"4\" data-block-id=\"ffdfa46\"><style>.stk-ffdfa46-container{margin-top:0px !important;margin-right:0px !important;margin-bottom:0px !important;margin-left:0px !important;}.stk-ffdfa46 {background-color:var(--theme-palette-color-1, #4E5544) !important;border-style:solid !important;border-color:var(--theme-palette-color-2, #3B4331) !important;border-top-width:0px !important;border-right-width:1px !important;border-bottom-width:0px !important;border-left-width:0px !important;padding-top:70px !important;padding-right:60px !important;padding-bottom:70px !important;padding-left:60px !important;}.stk-ffdfa46:before{background-color:var(--theme-palette-color-1, #4E5544) !important;}@media screen and (max-width:999px){.stk-ffdfa46 {padding-top:35px !important;padding-right:35px !important;padding-bottom:35px !important;padding-left:35px !important;}}<\/style><div class=\"stk-column-wrapper stk-block-column__content stk-container stk-ffdfa46-container stk--no-background stk--no-padding\"><div class=\"has-text-align-center stk-block-content stk-inner-blocks stk-ffdfa46-inner-blocks\">\n<div class=\"wp-block-stackable-icon stk-block-icon stk-block stk-01df28a\" data-block-id=\"01df28a\"><style>.stk-01df28a {margin-bottom:30px !important;}.stk-01df28a .stk--svg-wrapper .stk--inner-svg svg:last-child{height:35px !important;width:35px !important;}.stk-01df28a .stk--svg-wrapper .stk--inner-svg svg:last-child, .stk-01df28a .stk--svg-wrapper .stk--inner-svg svg:last-child :is(g, path, rect, polygon, ellipse){fill:var(--theme-palette-color-3, #ffffff) !important;}@media screen and (max-width:999px){.stk-01df28a .stk--svg-wrapper .stk--inner-svg svg:last-child{height:30px !important;width:30px !important;}}<\/style><span class=\"stk--svg-wrapper\"><div class=\"stk--inner-svg\"><svg style=\"height:0;width:0\"><defs><linearGradient id=\"linear-gradient-01df28a\" x1=\"0\" x2=\"100%\" y1=\"0\" y2=\"0\"><stop offset=\"0%\" style=\"stop-opacity:1;stop-color:var(--linear-gradient-01-df-28-a-color-1)\"><\/stop><stop offset=\"100%\" style=\"stop-opacity:1;stop-color:var(--linear-gradient-01-df-28-a-color-2)\"><\/stop><\/linearGradient><\/defs><\/svg><svg class=\"ugb-custom-icon\" xmlns=\"http:\/\/www.w3.org\/2000\/svg\" viewBox=\"0 0 50 50\" style=\"enable-background:new 0 0 50 50\" xml:space=\"preserve\" aria-hidden=\"true\" width=\"32\" height=\"32\"><path transform=\"translate(1.355 .564)\" d=\"M23.6 49.4c-13.8 0-25-11.2-25-25s11.2-25 25-25 25 11.2 25 25-11.2 25-25 25zm0-46.4C11.8 3 2.2 12.6 2.2 24.4s9.6 21.4 21.4 21.4S45 36.2 45 24.4 35.5 3 23.6 3zm9.1 27.1c.4-.9.1-2-.8-2.4l-6.4-3.2v-10c0-1-.8-1.8-1.8-1.8s-1.8.8-1.8 1.8v11.1c0 .7.4 1.3 1 1.6l7.4 3.7c.3.1.5.2.8.2.6 0 1.3-.4 1.6-1z\" style=\"fill:#fff\"\/><\/svg><\/div><\/span><\/div>\n\n\n\n<div class=\"wp-block-stackable-heading stk-block-heading stk-block-heading--v2 stk-block stk-f055c8b\" id=\"work-hours\" data-block-id=\"f055c8b\"><style>.stk-f055c8b {margin-bottom:0px !important;}<\/style><h5 class=\"stk-block-heading__text\">Work Hours<\/h5><\/div>\n\n\n\n<div class=\"wp-block-stackable-text stk-block-text stk-block stk-59c2668\" data-block-id=\"59c2668\"><p class=\"stk-block-text__text\">Mon &#8211; Sun \/ 12 am &#8211; 12pm<\/p><\/div>\n<\/div><\/div><\/div>\n\n\n\n<div class=\"wp-block-stackable-column stk-block-column stk-column stk-block stk-ff95afe stk-block-background\" data-v=\"4\" data-block-id=\"ff95afe\"><style>.stk-ff95afe-container{margin-top:0px !important;margin-right:0px !important;margin-bottom:0px !important;margin-left:0px !important;}.stk-ff95afe {background-color:var(--theme-palette-color-1, #4E5544) !important;border-style:solid !important;border-color:var(--theme-palette-color-2, #3B4331) !important;border-top-width:0px !important;border-right-width:1px !important;border-bottom-width:0px !important;border-left-width:0px !important;padding-top:70px !important;padding-right:60px !important;padding-bottom:70px !important;padding-left:60px !important;}.stk-ff95afe:before{background-color:var(--theme-palette-color-1, #4E5544) !important;}@media screen and (max-width:999px){.stk-ff95afe {padding-top:35px !important;padding-right:35px !important;padding-bottom:35px !important;padding-left:35px !important;}}<\/style><div class=\"stk-column-wrapper stk-block-column__content stk-container stk-ff95afe-container stk--no-background stk--no-padding\"><div class=\"has-text-align-center stk-block-content stk-inner-blocks stk-ff95afe-inner-blocks\">\n<div class=\"wp-block-stackable-icon stk-block-icon stk-block stk-f262ba3\" data-block-id=\"f262ba3\"><style>.stk-f262ba3 {margin-bottom:30px !important;}.stk-f262ba3 .stk--svg-wrapper .stk--inner-svg svg:last-child{height:35px !important;width:35px !important;}.stk-f262ba3 .stk--svg-wrapper .stk--inner-svg svg:last-child, .stk-f262ba3 .stk--svg-wrapper .stk--inner-svg svg:last-child :is(g, path, rect, polygon, ellipse){fill:var(--theme-palette-color-3, #ffffff) !important;}@media screen and (max-width:999px){.stk-f262ba3 .stk--svg-wrapper .stk--inner-svg svg:last-child{height:30px !important;width:30px !important;}}<\/style><span class=\"stk--svg-wrapper\"><div class=\"stk--inner-svg\"><svg style=\"height:0;width:0\"><defs><linearGradient id=\"linear-gradient-f262ba3\" x1=\"0\" x2=\"100%\" y1=\"0\" y2=\"0\"><stop offset=\"0%\" style=\"stop-opacity:1;stop-color:var(--linear-gradient-f-262-ba-3-color-1)\"><\/stop><stop offset=\"100%\" style=\"stop-opacity:1;stop-color:var(--linear-gradient-f-262-ba-3-color-2)\"><\/stop><\/linearGradient><\/defs><\/svg><svg class=\"ugb-custom-icon\" version=\"1.1\" id=\"Layer_1\" xmlns=\"http:\/\/www.w3.org\/2000\/svg\" x=\"0\" y=\"0\" viewBox=\"0 0 50 50\" style=\"enable-background:new 0 0 50 50\" xml:space=\"preserve\" aria-hidden=\"true\" width=\"32\" height=\"32\"><style>.st0{fill:#fff}<\/style><path class=\"st0\" d=\"M50 1.2c-.2-.8-1-1.2-1.7-1L25 6.5 1.8.2h-.4C.6.1 0 .8 0 1.6V42c0 .6.4 1.2 1 1.4l23.6 6.4h.7L49 43.4c.6-.2 1-.7 1-1.4V1.2zM2.8 3.4l20.7 5.7v37.5L2.8 40.9V3.4zm44.4 37.5-20.7 5.7V9.1l20.7-5.7v37.5z\"\/><path class=\"st0\" d=\"m7 21.2 12.6 3.3h.4c.6 0 1.2-.4 1.4-1.1.2-.8-.2-1.5-1-1.7L7.7 18.5c-.8-.2-1.5.2-1.7 1s.2 1.5 1 1.7zM20.3 31.2 7.7 27.8c-.7-.1-1.4.3-1.6 1-.2.7.2 1.5.9 1.8l12.6 3.3h.4c.6 0 1.2-.4 1.4-1.1.1-.7-.4-1.4-1.1-1.6zM30.1 16.8h.4l12.6-3.4c.8-.2 1.2-1 1-1.7-.2-.8-1-1.2-1.7-1l-12.6 3.4c-.6.2-1.1.7-1.1 1.4s.6 1.3 1.4 1.3zM42.3 19l-12.6 3.3c-.6.2-1 .7-1.1 1.4 0 .8.6 1.4 1.4 1.4h.4L43 21.8c.8-.2 1.2-1 1-1.7s-.9-1.3-1.7-1.1zM30.1 33.4h.4L43.1 30c.8-.2 1.2-1 1-1.7s-1-1.2-1.7-1l-12.6 3.4c-.6.2-1.1.7-1.1 1.4s.6 1.3 1.4 1.3zM42.3 35.6l-2.3.6c-.6.2-1.1.7-1.1 1.4 0 .8.6 1.4 1.4 1.4h.4l2.3-.6c.7-.2 1.2-1 1-1.7-.1-.9-.9-1.3-1.7-1.1zM30.1 41.7h.4l4.7-1.2c.7-.2 1.2-1 1-1.7-.2-.8-1-1.2-1.7-1L29.8 39c-.6.2-1.1.7-1.1 1.4s.6 1.3 1.4 1.3z\"\/><\/svg><\/div><\/span><\/div>\n\n\n\n<div class=\"wp-block-stackable-heading stk-block-heading stk-block-heading--v2 stk-block stk-7dba33b\" id=\"book-a-table\" data-block-id=\"7dba33b\"><style>.stk-7dba33b {margin-bottom:0px !important;}<\/style><h5 class=\"stk-block-heading__text\">Book a Table<\/h5><\/div>\n\n\n\n<div class=\"wp-block-stackable-text stk-block-text stk-block stk-12726db\" id=\"book-a-table\" data-block-id=\"12726db\"><p class=\"stk-block-text__text\">(850) 324-7023<\/p><\/div>\n<\/div><\/div><\/div>\n\n\n\n<div class=\"wp-block-stackable-column stk-block-column stk-column stk-block stk-54b20ba stk-block-background\" data-v=\"4\" data-block-id=\"54b20ba\"><style>.stk-54b20ba-container{margin-top:0px !important;margin-right:0px !important;margin-bottom:0px !important;margin-left:0px !important;}.stk-54b20ba {background-color:var(--theme-palette-color-1, #4E5544) !important;padding-top:70px !important;padding-right:60px !important;padding-bottom:70px !important;padding-left:60px !important;}.stk-54b20ba:before{background-color:var(--theme-palette-color-1, #4E5544) !important;}@media screen and (max-width:999px){.stk-54b20ba {padding-top:35px !important;padding-right:35px !important;padding-bottom:35px !important;padding-left:35px !important;}}<\/style><div class=\"stk-column-wrapper stk-block-column__content stk-container stk-54b20ba-container stk--no-background stk--no-padding\"><div class=\"has-text-align-center stk-block-content stk-inner-blocks stk-54b20ba-inner-blocks\">\n<div class=\"wp-block-stackable-icon stk-block-icon stk-block stk-03598ae\" data-block-id=\"03598ae\"><style>.stk-03598ae {margin-bottom:30px !important;}.stk-03598ae .stk--svg-wrapper .stk--inner-svg svg:last-child{height:35px !important;width:35px !important;}.stk-03598ae .stk--svg-wrapper .stk--inner-svg svg:last-child, .stk-03598ae .stk--svg-wrapper .stk--inner-svg svg:last-child :is(g, path, rect, polygon, ellipse){fill:var(--theme-palette-color-3, #ffffff) !important;}@media screen and (max-width:999px){.stk-03598ae .stk--svg-wrapper .stk--inner-svg svg:last-child{height:30px !important;width:30px !important;}}<\/style><span class=\"stk--svg-wrapper\"><div class=\"stk--inner-svg\"><svg style=\"height:0;width:0\"><defs><linearGradient id=\"linear-gradient-03598ae\" x1=\"0\" x2=\"100%\" y1=\"0\" y2=\"0\"><stop offset=\"0%\" style=\"stop-opacity:1;stop-color:var(--linear-gradient-03598-ae-color-1)\"><\/stop><stop offset=\"100%\" style=\"stop-opacity:1;stop-color:var(--linear-gradient-03598-ae-color-2)\"><\/stop><\/linearGradient><\/defs><\/svg><svg class=\"ugb-custom-icon\" xmlns=\"http:\/\/www.w3.org\/2000\/svg\" viewBox=\"0 0 50 50\" style=\"enable-background:new 0 0 50 50\" xml:space=\"preserve\" aria-hidden=\"true\" width=\"32\" height=\"32\"><path d=\"M42.5 10.6h-11V1.5c0-.5-.3-1-.7-1.2-.4-.3-1-.3-1.4-.1L6.9 10.7l-.1.1h-.1l-.2.2-.2.2v.1s-.1.1-.1.2v37.2c-.2.6.5 1.3 1.3 1.3h35.1c.8 0 1.5-.7 1.5-1.5V12c-.1-.8-.8-1.4-1.6-1.4zM28.6 3.8v6.8H14l14.6-6.8zm12.5 43.3H8.9V13.5H41v33.6zm-9.6-8.3c0 .8-.7 1.5-1.5 1.5H20c-.8 0-1.5-.7-1.5-1.5s.7-1.5 1.5-1.5h10c.8.1 1.5.7 1.5 1.5zm-4.9-18.2c0-.8-.7-1.5-1.5-1.5s-1.5.7-1.5 1.5v.3c-5 .7-8.9 4.9-8.9 10.1 0 .8.7 1.5 1.5 1.5h17.5c.8 0 1.5-.7 1.5-1.5 0-5.1-3.8-9.3-8.6-10.1v-.3zm5.6 9H17.8c.7-3.3 3.6-5.8 7.2-5.8s6.5 2.4 7.2 5.8z\" style=\"fill:#fff\"\/><\/svg><\/div><\/span><\/div>\n\n\n\n<div class=\"wp-block-stackable-heading stk-block-heading stk-block-heading--v2 stk-block stk-e2f278b\" id=\"best-menu\" data-block-id=\"e2f278b\"><style>.stk-e2f278b {margin-bottom:0px !important;}<\/style><h5 class=\"stk-block-heading__text\">Best Menu<\/h5><\/div>\n\n\n\n<div class=\"wp-block-stackable-text stk-block-text stk-block stk-d62ad23\" id=\"best-menu\" data-block-id=\"d62ad23\"><p class=\"stk-block-text__text\">Taste the difference<\/p><\/div>\n<\/div><\/div><\/div>\n<\/div><\/div>\n\n\n\n<div class=\"wp-block-stackable-columns alignfull stk-block-columns stk-block stk-3e9e727 stk-block-background stk--has-background-overlay\" data-block-id=\"3e9e727\"><style>.stk-3e9e727 {background-color:#000000 !important;background-image:url(http:\/\/www.tapekua.com\/wp-content\/uploads\/2022\/10\/home-hero-image.webp) !important;padding-top:350px !important;padding-bottom:250px !important;margin-bottom:0px !important;top:-100px !important;}.stk-3e9e727:before{background-color:#000000 !important;opacity:0.5 !important;}@media screen and (max-width:999px){.stk-3e9e727 {padding-top:200px !important;padding-bottom:200px !important;}}<\/style><div class=\"stk-row stk-inner-blocks stk-block-content stk-content-align stk-3e9e727-column alignwide\">\n<div class=\"wp-block-stackable-column stk-block-column stk-column stk-block stk-79a559e stk-block-background stk--has-background-overlay\" data-v=\"4\" data-block-id=\"79a559e\"><style>.stk-79a559e-container{margin-top:0px !important;margin-right:0px !important;margin-bottom:0px !important;margin-left:0px !important;}.stk-79a559e {background-image:url(http:\/\/www.tapekua.com\/wp-content\/uploads\/2026\/05\/476607484_1010004674492197_5556730904974210157_n.jpg) !important;box-shadow:none !important;max-width:900px !important;min-width:auto !important;margin-right:auto !important;margin-left:auto !important;top:-100px !important;}.stk-79a559e:before{background-color:#000000 !important;opacity:0.4 !important;}@media screen and (max-width:999px){.stk-79a559e {max-width:600px !important;min-width:auto !important;}}<\/style><div class=\"stk-column-wrapper stk-block-column__content stk-container stk-79a559e-container stk--no-background stk--no-padding\"><div class=\"stk-block-content stk-inner-blocks stk-79a559e-inner-blocks\">\n<div class=\"wp-block-stackable-heading stk-block-heading stk-block-heading--v2 stk-block stk-06292d2\" id=\"img-class-wp-image-367-style-width-300-px-src-http-www-tapekua-com-wp-content-uploads-2026-05-logomediano-png-alt\" data-block-id=\"06292d2\"><style>.stk-06292d2 {margin-bottom:20px !important;}.stk-06292d2 .stk-block-heading__text{font-size:80px !important;}@media screen and (max-width:999px){.stk-06292d2 .stk-block-heading__text{font-size:50px !important;}}@media screen and (max-width:689px){.stk-06292d2 .stk-block-heading__text{font-size:35px !important;}}<\/style><h2 class=\"stk-block-heading__text has-text-align-center stk-block-heading--use-theme-margins\"><img loading=\"lazy\" decoding=\"async\" width=\"300\" height=\"60\" class=\"wp-image-367\" style=\"width: 300px;\" src=\"http:\/\/www.tapekua.com\/wp-content\/uploads\/2026\/05\/logomediano.png\" alt=\"\"><\/h2><\/div>\n\n\n\n<div class=\"wp-block-stackable-text stk-block-text stk-block stk-1e9fee4\" data-block-id=\"1e9fee4\"><style>.stk-1e9fee4 {margin-bottom:40px !important;}.stk-1e9fee4 .stk-block-text__text{font-size:20px !important;}@media screen and (max-width:999px){.stk-1e9fee4 .stk-block-text__text{font-size:20px !important;}}<\/style><p class=\"stk-block-text__text has-text-align-center\">Tapekua es un restaurante ubicado en Santa Cruz de la Sierra, Bolivia. Se describe como un lugar \u201ca la bonne franquette\u201d, lo que significa que es un sitio acogedor y relajado donde los amigos pueden disfrutar de deliciosa comida internacional de calidad.<br><br><br>Adem\u00e1s de la comida, Tapekua ofrece espect\u00e1culos de alto nivel para sus visitantes. La atenci\u00f3n personalizada de los propietarios agrega un toque familiar y amistoso que lo hace \u00fanico en su g\u00e9nero<\/p><\/div>\n\n\n\n<div class=\"wp-block-stackable-icon stk-block-icon has-text-align-center ct-animated-scroll-icon stk-block stk-e40a40a\" data-block-id=\"e40a40a\"><style>.stk-e40a40a .stk--svg-wrapper .stk--inner-svg svg:last-child, .stk-e40a40a .stk--svg-wrapper .stk--inner-svg svg:last-child :is(g, path, rect, polygon, ellipse){fill:var(--theme-palette-color-3, #ffffff) !important;}<\/style><span class=\"stk--svg-wrapper\"><div class=\"stk--inner-svg\"><svg style=\"height:0;width:0\"><defs><linearGradient id=\"linear-gradient-e40a40a\" x1=\"0\" x2=\"100%\" y1=\"0\" y2=\"0\"><stop offset=\"0%\" style=\"stop-opacity:1;stop-color:var(--linear-gradient-e-40-a-40-a-color-1)\"><\/stop><stop offset=\"100%\" style=\"stop-opacity:1;stop-color:var(--linear-gradient-e-40-a-40-a-color-2)\"><\/stop><\/linearGradient><\/defs><\/svg><svg class=\"ugb-custom-icon\" version=\"1.1\" id=\"Layer_1\" xmlns=\"http:\/\/www.w3.org\/2000\/svg\" xmlns:xlink=\"http:\/\/www.w3.org\/1999\/xlink\" x=\"0px\" y=\"0px\" viewBox=\"0 0 50 50\" style=\"enable-background:new 0 0 50 50;\" xml:space=\"preserve\" aria-hidden=\"true\" width=\"32\" height=\"32\">\n<path d=\"M25,0C16.4,0,9.4,7,9.4,15.6v18.8C9.4,43,16.4,50,25,50s15.6-7,15.6-15.6V15.6C40.6,7,33.6,0,25,0z M37.5,34.4\n\tc0,6.9-5.6,12.5-12.5,12.5s-12.5-5.6-12.5-12.5V15.6c0-6.9,5.6-12.5,12.5-12.5s12.5,5.6,12.5,12.5V34.4z\"\/>\n<circle cx=\"25\" cy=\"11.6\" r=\"4\"\/>\n<\/svg><\/div><\/span><\/div>\n<\/div><\/div><\/div>\n<\/div><\/div>\n\n\n\n<div id=\"fb-root\"><\/div>\n\n<script async defer crossorigin=\"anonymous\"\nsrc=\"https:\/\/connect.facebook.net\/es_LA\/sdk.js#xfbml=1&#038;version=v23.0\">\n<\/script>\n\n<div class=\"fb-page\"\ndata-href=\"https:\/\/www.facebook.com\/TU_PAGINA\"\ndata-tabs=\"timeline\"\ndata-width=\"500\"\ndata-height=\"700\"\ndata-small-header=\"false\"\ndata-adapt-container-width=\"true\"\ndata-hide-cover=\"false\"\ndata-show-facepile=\"true\">\n<blockquote cite=\"https:\/\/www.facebook.com\/tapekuaa\"\nclass=\"fb-xfbml-parse-ignore\">\n<a href=\"https:\/\/www.facebook.com\/tapekuaa\">\nFacebook\n<\/a>\n<\/blockquote>\n<\/div>\n\n\n\n<div class=\"wp-block-stackable-spacer stk-block-spacer stk--no-padding stk-block stk-bed78fc\" data-block-id=\"bed78fc\"><style>.stk-bed78fc {height:130px !important;}@media screen and (max-width:999px){.stk-bed78fc {height:80px !important;}}<\/style><\/div>\n\n\n\n<p><\/p>\n","protected":false},"excerpt":{"rendered":"<p>Work Hours Mon &#8211; Sun \/ 12 am &#8211; 12pm Book a Table (850) 324-7023 Best Menu Taste the difference Tapekua es un restaurante ubicado en Santa Cruz de la Sierra, Bolivia. Se describe como un lugar \u201ca la bonne franquette\u201d, lo que significa que es un sitio acogedor y relajado donde los amigos pueden [&hellip;]<\/p>\n","protected":false},"author":1,"featured_media":0,"parent":0,"menu_order":0,"comment_status":"closed","ping_status":"closed","template":"","meta":{"footnotes":""},"class_list":["post-233","page","type-page","status-publish","hentry"],"blocksy_meta":{"styles_descriptor":{"styles":{"desktop":"","tablet":"","mobile":""},"google_fonts":[],"version":6},"page_title_panel":"","has_hero_section":"disabled","f9f2d37d4e04dfaa532743f7e73bdc98":"","hero_section":"type-1","hero_elements":[{"id":"custom_title","enabled":true,"heading_tag":"h1","title":"Home"},{"id":"custom_description","enabled":true,"description_visibility":{"desktop":true,"tablet":true,"mobile":false}},{"id":"custom_meta","enabled":false,"meta_elements":[{"id":"author","enabled":true,"label":"By","has_author_avatar":"yes","avatar_size":25},{"id":"post_date","enabled":true,"label":"On","date_format_source":"default","date_format":"M j, Y"},{"id":"updated_date","enabled":false,"label":"On","date_format_source":"default","date_format":"M j, Y"},{"id":"categories","enabled":false,"label":"In","style":"simple"},{"id":"comments","enabled":true}],"page_meta_elements":{"joined":true,"articles_count":true,"comments":true}},{"id":"breadcrumbs","enabled":false}],"6124d270c8ce154922fed58bbcb81429":"","hero_alignment1":"CT_CSS_SKIP_RULE","hero_margin":40,"hero_alignment2":"center","hero_vertical_alignment":"center","e0eb2059aed5d7031a4364a72ede951b":"","hero_structure":"narrow","fb62d940ebbaeeabb0b172e369f61bee":"","page_title_bg_type":"featured_image","custom_hero_background":{"attachment_id":null},"page_title_image_size":"full","parallax":{"desktop":false,"tablet":false,"mobile":false},"696486343bdc3702fc444be334035624":"","hero_height":"250px","pageTitleFont":{"family":"Default","variation":"Default","size":"30px","line-height":"CT_CSS_SKIP_RULE","letter-spacing":"CT_CSS_SKIP_RULE","text-transform":"CT_CSS_SKIP_RULE","text-decoration":"CT_CSS_SKIP_RULE"},"pageTitleFontColor":{"default":{"color":"CT_CSS_SKIP_RULEDEFAULT"}},"pageMetaFont":{"family":"Default","variation":"n6","size":"12px","line-height":"1.3","letter-spacing":"CT_CSS_SKIP_RULE","text-transform":"uppercase","text-decoration":"CT_CSS_SKIP_RULE"},"pageMetaFontColor":{"default":{"color":"CT_CSS_SKIP_RULEDEFAULT"},"hover":{"color":"CT_CSS_SKIP_RULEDEFAULT"}},"page_meta_button_type_font_colors":{"default":{"color":"CT_CSS_SKIP_RULEDEFAULT"},"hover":{"color":"CT_CSS_SKIP_RULEDEFAULT"}},"page_meta_button_type_background_colors":{"default":{"color":"CT_CSS_SKIP_RULEDEFAULT"},"hover":{"color":"CT_CSS_SKIP_RULEDEFAULT"}},"pageExcerptFont":{"family":"Default","variation":"Default","size":"CT_CSS_SKIP_RULE","line-height":"CT_CSS_SKIP_RULE","letter-spacing":"CT_CSS_SKIP_RULE","text-transform":"CT_CSS_SKIP_RULE","text-decoration":"CT_CSS_SKIP_RULE"},"pageExcerptColor":{"default":{"color":"CT_CSS_SKIP_RULEDEFAULT"}},"breadcrumbsFont":{"family":"Default","variation":"Default","size":"CT_CSS_SKIP_RULE","line-height":"CT_CSS_SKIP_RULE","letter-spacing":"CT_CSS_SKIP_RULE","text-transform":"CT_CSS_SKIP_RULE","text-decoration":"CT_CSS_SKIP_RULE"},"breadcrumbsFontColor":{"default":{"color":"CT_CSS_SKIP_RULEDEFAULT"},"initial":{"color":"CT_CSS_SKIP_RULEDEFAULT"},"hover":{"color":"CT_CSS_SKIP_RULEDEFAULT"}},"pageTitleOverlay":{"background_type":"color","background_pattern":"type-1","background_image":{"attachment_id":null,"x":0,"y":0},"gradient":"linear-gradient(135deg,rgba(6,147,227,1) 0%,rgb(155,81,224) 100%)","background_repeat":"repeat","background_size":"auto","background_attachment":"scroll","patternColor":{"default":{"color":"#e5e7ea"}},"overlayColor":{"default":{"color":"CT_CSS_SKIP_RULE"}},"backgroundColor":{"default":{"color":"CT_CSS_SKIP_RULE"}}},"pageTitleBackground":{"background_type":"color","background_pattern":"type-1","background_image":{"attachment_id":null,"x":0,"y":0},"gradient":"linear-gradient(135deg,rgba(6,147,227,1) 0%,rgb(155,81,224) 100%)","background_repeat":"repeat","background_size":"auto","background_attachment":"scroll","patternColor":{"default":{"color":"#e5e7ea"}},"overlayColor":{"default":{"color":"CT_CSS_SKIP_RULE"}},"backgroundColor":{"default":{"color":"var(--theme-palette-color-6)"}}},"pageTitlePadding":{"top":"50px","bottom":"50px","left":"auto","right":"auto","linked":true},"4e40e28dc9e27271a6136ded69e6721b":"","page_structure_type":"default","cdd419cc57d6918e5cb5fe5656dca28a":"","content_style_source":"inherit","content_style":"wide","vertical_spacing_source":"custom","content_area_spacing":"none","background":{"background_type":"color","background_pattern":"type-1","background_image":{"attachment_id":null,"x":0,"y":0},"gradient":"linear-gradient(135deg,rgba(6,147,227,1) 0%,rgb(155,81,224) 100%)","background_repeat":"repeat","background_size":"auto","background_attachment":"scroll","patternColor":{"default":{"color":"#e5e7ea"}},"overlayColor":{"default":{"color":"CT_CSS_SKIP_RULE"}},"backgroundColor":{"default":{"color":"CT_CSS_SKIP_RULE"}}},"content_background":{"background_type":"color","background_pattern":"type-1","background_image":{"attachment_id":null,"x":0,"y":0},"gradient":"linear-gradient(135deg,rgba(6,147,227,1) 0%,rgb(155,81,224) 100%)","background_repeat":"repeat","background_size":"auto","background_attachment":"scroll","patternColor":{"default":{"color":"#e5e7ea"}},"overlayColor":{"default":{"color":"CT_CSS_SKIP_RULE"}},"backgroundColor":{"default":{"color":"var(--theme-palette-color-8)"}}},"content_boxed_shadow":{"inherit":false,"blur":18,"spread":-6,"v_offset":12,"h_offset":0,"inset":false,"enable":true,"color":{"color":"rgba(34, 56, 101, 0.04)"}},"content_boxed_border":{"width":1,"style":"none","color":{"color":"rgba(44,62,80,0.2)"}},"content_boxed_radius":{"top":"3px","bottom":"3px","left":"3px","right":"3px","linked":true},"boxed_content_spacing":{"desktop":{"top":"40px","bottom":"40px","left":"40px","right":"40px","linked":true},"tablet":{"top":"35px","bottom":"35px","left":"35px","right":"35px","linked":true},"mobile":{"top":"20px","bottom":"20px","left":"20px","right":"20px","linked":true}},"ed2fb214e346a02e4d3e1d82b2b93cf9":"","disable_featured_image":"no","disable_share_box":"no","disable_header":"no","disable_footer":"no"},"_links":{"self":[{"href":"https:\/\/www.tapekua.com\/index.php\/wp-json\/wp\/v2\/pages\/233","targetHints":{"allow":["GET"]}}],"collection":[{"href":"https:\/\/www.tapekua.com\/index.php\/wp-json\/wp\/v2\/pages"}],"about":[{"href":"https:\/\/www.tapekua.com\/index.php\/wp-json\/wp\/v2\/types\/page"}],"author":[{"embeddable":true,"href":"https:\/\/www.tapekua.com\/index.php\/wp-json\/wp\/v2\/users\/1"}],"replies":[{"embeddable":true,"href":"https:\/\/www.tapekua.com\/index.php\/wp-json\/wp\/v2\/comments?post=233"}],"version-history":[{"count":16,"href":"https:\/\/www.tapekua.com\/index.php\/wp-json\/wp\/v2\/pages\/233\/revisions"}],"predecessor-version":[{"id":394,"href":"https:\/\/www.tapekua.com\/index.php\/wp-json\/wp\/v2\/pages\/233\/revisions\/394"}],"wp:attachment":[{"href":"https:\/\/www.tapekua.com\/index.php\/wp-json\/wp\/v2\/media?parent=233"}],"curies":[{"name":"wp","href":"https:\/\/api.w.org\/{rel}","templated":true}]}}